{"id":24,"date":"2017-12-29T16:08:08","date_gmt":"2017-12-29T15:08:08","guid":{"rendered":"http:\/\/photoriginales.com\/?page_id=24"},"modified":"2017-12-29T16:08:08","modified_gmt":"2017-12-29T15:08:08","slug":"a-propos-de-lauteur","status":"publish","type":"page","link":"https:\/\/photoriginales.com\/?page_id=24","title":{"rendered":"A propos de l&rsquo;auteur"},"content":{"rendered":"<p>La photographie est la m\u00e9moire d\u2019un instant, d\u2019une ambiance, d\u2019une situation. Un instantan\u00e9 sur le monde, une fen\u00eatre sur une \u00e9motion, un t\u00e9moignage sur la vie. Une photographie peut raconter une histoire, d\u00e9crire un lieux, r\u00e9v\u00e9ler l\u2019imaginaire. Elle fera na\u00eetre une \u00e9motion, para\u00eetre un sentiment; diff\u00e9rents de ceux de son auteur, propre \u00e0 chacun. Une photographie sera le t\u00e9moignage d\u2019un temps pass\u00e9, la vision d\u2019un temps pr\u00e9sent, un rep\u00e8re pour le futur.<\/p>\n<p>Je suis tomb\u00e9 dans la photographie d\u00e9j\u00e0 tout petit. Ce go\u00fbt pour l\u2019image m\u2019a \u00e9t\u00e9 donn\u00e9 par mon p\u00e8re revenant de ses d\u00e9placements africains et nous faisant partager ses voyages au travers de s\u00e9ances de projection de diapositives nous faisant d\u00e9couvrir ce magnifique continent. Ces instants toujours magiques pour le petit gar\u00e7on que j\u2019\u00e9tais \u00e0 l\u2019\u00e9poque, ont fait na\u00eetre en moi l\u2019envie de saisir un instant et de le faire partager.<\/p>\n<p>Vous en aimerez certaines, d\u2019autres ne vous inspireront pas, mais j\u2019aurai eu le plaisir de vous les faire d\u00e9couvrir. Et si d\u2019aventure une d\u2019entre elles vous interpelle, vous donne envie \u00e0 votre tour de partager, alors \u2026\u2026\u2026\u2026.<\/p>\n<p>Samuel Feuvrier<\/p>\n","protected":false},"excerpt":{"rendered":"<p>La photographie est la m\u00e9moire d\u2019un instant, d\u2019une ambiance, d\u2019une situation. Un instantan\u00e9 sur le monde, une fen\u00eatre sur une \u00e9motion, un t\u00e9moignage sur la vie. Une photographie peut raconter une histoire, d\u00e9crire un lieux, r\u00e9v\u00e9ler l\u2019imaginaire. Elle fera na\u00eetre une \u00e9motion, para\u00eetre un sentiment; diff\u00e9rents de ceux de son auteur, propre \u00e0 chacun. Une [&hellip;]<\/p>\n","protected":false},"author":1,"featured_media":0,"parent":0,"menu_order":0,"comment_status":"closed","ping_status":"closed","template":"","meta":{"_mi_skip_tracking":false},"_links":{"self":[{"href":"https:\/\/photoriginales.com\/index.php?rest_route=\/wp\/v2\/pages\/24"}],"collection":[{"href":"https:\/\/photoriginales.com\/index.php?rest_route=\/wp\/v2\/pages"}],"about":[{"href":"https:\/\/photoriginales.com\/index.php?rest_route=\/wp\/v2\/types\/page"}],"author":[{"embeddable":true,"href":"https:\/\/photoriginales.com\/index.php?rest_route=\/wp\/v2\/users\/1"}],"replies":[{"embeddable":true,"href":"https:\/\/photoriginales.com\/index.php?rest_route=%2Fwp%2Fv2%2Fcomments&post=24"}],"version-history":[{"count":1,"href":"https:\/\/photoriginales.com\/index.php?rest_route=\/wp\/v2\/pages\/24\/revisions"}],"predecessor-version":[{"id":25,"href":"https:\/\/photoriginales.com\/index.php?rest_route=\/wp\/v2\/pages\/24\/revisions\/25"}],"wp:attachment":[{"href":"https:\/\/photoriginales.com\/index.php?rest_route=%2Fwp%2Fv2%2Fmedia&parent=24"}],"curies":[{"name":"wp","href":"https:\/\/api.w.org\/{rel}","templated":true}]}}